{"id":186,"date":"2022-05-03T09:37:12","date_gmt":"2022-05-03T09:37:12","guid":{"rendered":"https:\/\/hubs.appsflyer.com\/google-sandbox-hub\/"},"modified":"2022-06-07T14:44:38","modified_gmt":"2022-06-07T14:44:38","slug":"google-sandbox-hub","status":"publish","type":"page","link":"https:\/\/hubs.appsflyer.com\/fr\/google-sandbox-hub\/","title":{"rendered":"La Privacy Sandbox"},"content":{"rendered":"<nav id=\"main-nav\"\n     class=\"navbar--main py-3 py-md-3\n      navbar navbar-expand-md navbar-light sps sps--abv\">\n    <div class=\"container-fluid px-0\">\n        <a class=\"navbar-brand\" href=\"https:\/www.appsflyer.com\/\" target=\"_blank\"><\/a>\n        <div id=\"nav-holder\" class=\"nav-holder flex-column flex-md-row pt-70 pt-md-0 px-md-0 navbar-collapse\">\n                        <div class=\"secondary-nav mb-60 mb-md-0 my-md-0 d-flex flex-column flex-md-row align-items-md-center\">\n                        <ul class=\"navbar-nav lang-switcher list-style-none\">\n            <li class=\"has-children mega-parent\">\n                <span class=\"nav-link\">\n                    <i class=\"icon-globe\"><\/i>\n                    French                <\/span>\n                <ul class=\"sub-menu list-style-none\">\n\t\t\t\t\t                            <li class=\"px-30\">\n                                <a href=\"https:\/\/hubs.appsflyer.com\/\">English<\/a>\n                            <\/li>\n\t\t\t\t\t\t\t\t\t\t\t\t\t\t\t\t                            <li class=\"px-30\">\n                                <a href=\"https:\/\/hubs.appsflyer.com\/de\/\">Deutsch<\/a>\n                            <\/li>\n\t\t\t\t\t\t\t\t\t\t\t                            <li class=\"px-30\">\n                                <a href=\"https:\/\/hubs.appsflyer.com\/ja\/\">\u65e5\u672c\u8a9e<\/a>\n                            <\/li>\n\t\t\t\t\t\t\t\t\t\t\t                            <li class=\"px-30\">\n                                <a href=\"https:\/\/hubs.appsflyer.com\/ru\/\">\u0420\u0443\u0441\u0441\u043a\u0438\u0439<\/a>\n                            <\/li>\n\t\t\t\t\t\t\t\t\t\t\t                            <li class=\"px-30\">\n                                <a href=\"https:\/\/hubs.appsflyer.com\/es\/\">Espa\u00f1ol<\/a>\n                            <\/li>\n\t\t\t\t\t\t\t\t\t\t\t                            <li class=\"px-30\">\n                                <a href=\"https:\/\/hubs.appsflyer.com\/pt\/\">Portuguese<\/a>\n                            <\/li>\n\t\t\t\t\t\t\t\t\t\t\t                            <li class=\"px-30\">\n                                <a href=\"https:\/\/hubs.appsflyer.com\/cn\/\">\u7b80\u4f53\u4e2d\u6587<\/a>\n                            <\/li>\n\t\t\t\t\t\t\t\t\t\t\t                <\/ul>\n            <\/li>\n        <\/ul>\n\t                                    <ul class=\"navbar-nav d-sm-flex flex-sm-row justifycusfun-content-sm-between align-items-sm-center list-style-none px-20 px-md-0 mb-0 mr-md-auto\"\n                        itemscope itemtype=\"https:\/\/schema.org\/SiteNavigationElement\" role=\"menu\">\n                                                    <li class=\"secondary-nav__cta mr-sm-3 mr-md-auto my-20 py my-sm-0 d-none d-sm-flex flex-column flex-md-row\"\n                                itemprop=\"name\" role=\"menuitem\">\n                                <a itemprop=\"url\" class=\"nav-link d-flex nav-link--login justify-content-center\"\n                                   href=\"https:\/\/hq1.appsflyer.com\/auth\/login\"\n                                   data-aft=\"login\"\n                                   data-aft-block=\"main-nav\"\n                                   target=\"_blank\">\n                                    <i class=\"icon-login\"><\/i>\n                                    Login\n                                <\/a>\n                            <\/li>\n                                                                            <li class=\"secondary-nav__cta mr-sm-3 mr-md-auto my-20 py my-sm-0 d-none d-sm-flex flex-column flex-md-row\"\n                                itemprop=\"name\" role=\"menuitem\">\n                                <a itemprop=\"url\" class=\"btn btn-primary btn-primary--no-line btn-sm\"\n                                   href=\"https:\/\/www.appsflyer.com\/start\/demo\/\"\n                                   data-aft=\"book-demo\"\n                                   data-aft-block=\"main-nav\"\n                                   target=\"_blank\">\n                                    Book a demo\n                                <\/a>\n                            <\/li>\n                                            <\/ul>\n                            <\/div>\n        <\/div>\n        <button id=\"navbar-toggler\" class=\"navbar-toggler hamburger\" type=\"button\" data-toggle=\"on\"\n                data-target=\"nav-holder main-nav\"\n                aria-controls=\"main-nav\" aria-expanded=\"false\" aria-label=\"Toggle navigation\">\n            <span><\/span>\n            <span><\/span>\n            <span><\/span>\n        <\/button>\n    <\/div>\n<\/nav>\n\n\n<section class=\"wp-block-appsflyer-block-product-hero-banner solution-product-hero-banner solution-product-hero-banner--product section-bg section-bg--product-hero section-bg--green text-light pt-100 pt-md-140 pt-lg-180 pb-90 pb-sm-100 pb-md-180 mb-md-50\"><div class=\"container\"><div class=\"row align-items-md-start justify-content-md-between\"><figure class=\"col-md-6 pl-lg-30 order-2\"><img fetchpriority=\"high\" decoding=\"async\" class=\"bgImage\" src=\"https:\/\/hubs.appsflyer.com\/wp-content\/uploads\/2022\/05\/img-hero-1.svg\" alt=\"\" width=\"818\" loading=\"eager\" height=\"614\" title=\"img-hero-1\"\/><\/figure><header class=\"col-md-6 col-xl-5 pr-md-0 pt-4 pt-sm-40 pt-md-0 pb-50 pb-md-2 order-1 text-center text-md-left\"><span class=\"d-block mb-25 mb-md-4 text-uppercase text-light\">APPSFLYER POUR ANDROID<\/span><h1 class=\"mb-20 mb-sm-0 text-light\">La Privacy Sandbox<\/h1><p class=\"has-mlarge-font-size text-light\">Parce que nous nous engageons depuis nos d\u00e9buts \u00e0 proposer des exp\u00e9riences digitales meilleures et plus s\u00fbres, nous accueillons toujours favorablement les initiatives de l&rsquo;\u00e9cosyst\u00e8me qui visent \u00e0 renforcer la protection de la vie priv\u00e9e de nos clients. C&rsquo;est pourquoi nous travaillerons en \u00e9troite collaboration avec Google dans le cadre du d\u00e9ploiement de son initiative pluriannuelle : La Privacy Sandbox. Le but : faire en sorte que nos clients continuent de b\u00e9n\u00e9ficier des mesures et des informations marketing compl\u00e8tes dont ils ont besoin pour effectuer les meilleurs choix pour leur entreprise.<\/p><div class=\"hero-banner__buttons d-flex flex-column flex-sm-row align-items-center justify-content-center justify-content-md-start pt-20 text-light\"><\/div><\/header><\/div><\/div>\n<p><\/p>\n<\/section>\n\n\n\n<section class=\"wp-block-appsflyer-block-section section-block section-block--width-default\"><div class=\"container\"><div class=\"row flex-column\">\n<h2 class=\"has-text-align-center wp-block-heading\">L&rsquo;\u00e9volution progressive du secteur vers la Privacy<\/h2>\n\n\n\n<p class=\"has-text-align-center has-medium-font-size\">Au fur et \u00e0 mesure que l&rsquo;\u00e9cosyst\u00e8me s&rsquo;oriente vers le respect de la vie priv\u00e9e, nous observons une tendance g\u00e9n\u00e9rale \u00e0 proposer des solutions qui vont dans ce sens. <a href=\"https:\/\/privacysandbox.com\/intl\/en_us\/\">La Privacy Sandbox de Google<\/a> sera mise en place progressivement sur deux ans, afin de permettre \u00e0 tous les acteurs du secteur de se rassembler pour innover et proposer des solutions cr\u00e9atives.<\/p>\n\n\n\n<div style=\"height:40px\" aria-hidden=\"true\" class=\"wp-block-spacer\"><\/div>\n\n\n\n<figure class=\"wp-block-image size-large is-resized hide-mobile\"><img loading=\"lazy\" decoding=\"async\" src=\"https:\/\/hubs.appsflyer.com\/wp-content\/uploads\/2022\/06\/Google-Privacy-Hub-1-1024x341.png\" alt=\"\" class=\"wp-image-506\" width=\"1110\" height=\"370\" srcset=\"https:\/\/hubs.appsflyer.com\/wp-content\/uploads\/2022\/06\/Google-Privacy-Hub-1-1024x341.png 1024w, https:\/\/hubs.appsflyer.com\/wp-content\/uploads\/2022\/06\/Google-Privacy-Hub-1-300x100.png 300w, https:\/\/hubs.appsflyer.com\/wp-content\/uploads\/2022\/06\/Google-Privacy-Hub-1-768x256.png 768w, https:\/\/hubs.appsflyer.com\/wp-content\/uploads\/2022\/06\/Google-Privacy-Hub-1-1536x512.png 1536w, https:\/\/hubs.appsflyer.com\/wp-content\/uploads\/2022\/06\/Google-Privacy-Hub-1-2048x683.png 2048w\" sizes=\"(max-width: 1110px) 100vw, 1110px\" \/><\/figure>\n\n\n\n<div class=\"wp-block-image show-mobile-only\"><figure class=\"aligncenter size-large\"><img loading=\"lazy\" decoding=\"async\" width=\"297\" height=\"1024\" src=\"https:\/\/hubs.appsflyer.com\/wp-content\/uploads\/2022\/06\/Google-Privacy-Hub-1-mob-297x1024.png\" alt=\"\" class=\"wp-image-533\" srcset=\"https:\/\/hubs.appsflyer.com\/wp-content\/uploads\/2022\/06\/Google-Privacy-Hub-1-mob-297x1024.png 297w, https:\/\/hubs.appsflyer.com\/wp-content\/uploads\/2022\/06\/Google-Privacy-Hub-1-mob-87x300.png 87w, https:\/\/hubs.appsflyer.com\/wp-content\/uploads\/2022\/06\/Google-Privacy-Hub-1-mob-445x1536.png 445w\" sizes=\"(max-width: 297px) 100vw, 297px\" \/><\/figure><\/div>\n<\/div><\/div><\/section>\n\n\n\n<div style=\"height:100px\" aria-hidden=\"true\" class=\"wp-block-spacer\"><\/div>\n\n\n\n<div style=\"height:80px\" aria-hidden=\"true\" class=\"wp-block-spacer\"><\/div>\n\n\n\n<div class=\"wp-block-group\"><div class=\"wp-block-group__inner-container is-layout-flow wp-block-group-is-layout-flow\">\n<div class=\"wp-block-columns alignwide is-layout-flex wp-container-core-columns-is-layout-1 wp-block-columns-is-layout-flex\">\n<div class=\"wp-block-column is-layout-flow wp-block-column-is-layout-flow\" style=\"flex-basis:100%\">\n<section class=\"wp-block-appsflyer-block-text-image-columns text-image-columns text-image-columns--reverse py-40 py-lg-0\"><div class=\"container\"><div class=\"row align-items-sm-center justify-content-sm-between\"><figure class=\"col-md-6 px-sm-80 px-md-0  text-image-columns__image\"><img decoding=\"async\" loading=\"lazy\" title=\"img-usp-1\" alt=\"\" width=\"960\" height=\"892\" class=\"text-image-columns__layer\" src=\"https:\/\/hubs.appsflyer.com\/wp-content\/uploads\/2022\/05\/img-usp-1.svg\"\/><\/figure><article class=\"col-md-5 pt-20 order-md-1 text-center text-md-left\"><header class=\"text-image-columns__header\"><h2 class=\"h3\">Vers la suppression du GAID&nbsp;d&rsquo;ici 2024<\/h2><\/header><div class=\"text-image-columns__text pt-20\"><p>En f\u00e9vrier 2022, Google a annonc\u00e9 qu&rsquo;Android, le syst\u00e8me d&rsquo;exploitation le plus r\u00e9pandu au monde, allait rendre obsol\u00e8te son identifiant publicitaire &#8211; <a href=\"https:\/\/www.appsflyer.com\/glossary\/gaid\/\" target=\"_blank\" rel=\"noreferrer noopener\">GAID (Google Advertising ID)<\/a> &#8211; d&rsquo;ici 2024. L&rsquo;id\u00e9e : accorder aux utilisateurs une meilleure protection de leur vie priv\u00e9e, tout en maintenant une fonctionnalit\u00e9 optimale au sein de l&rsquo;\u00e9cosyst\u00e8me publicitaire.<\/p><\/div><\/article><\/div><\/div><\/section>\n\n\n\n<section class=\"wp-block-appsflyer-block-text-image-columns text-image-columns  py-40 py-lg-0\"><div class=\"container\"><div class=\"row align-items-sm-center justify-content-sm-between\"><figure class=\"col-md-6 px-sm-80 px-md-0 order-md-2 text-image-columns__image\"><img decoding=\"async\" loading=\"lazy\" title=\"sandbox_page_02\" alt=\"\" width=\"1920\" height=\"1784\" class=\"text-image-columns__layer\" src=\"https:\/\/hubs.appsflyer.com\/wp-content\/uploads\/2022\/06\/sandbox_page_02.png\"\/><\/figure><article class=\"col-md-5 pt-20 pt-sm-20 order-md-1 text-center text-md-left\"><header class=\"text-image-columns__header\"><h2 class=\"h3\">La Section S\u00e9curit\u00e9 dans Google Play<\/h2><\/header><div class=\"text-image-columns__text pt-20\"><p>Fin 2021, Google a lanc\u00e9 sa nouvelle <a href=\"https:\/\/support.google.com\/googleplay\/android-developer\/answer\/10787469?hl=en#zippy=%2Cdata-sharing%2Cdata-collection\" target=\"_blank\" rel=\"noreferrer noopener\">\u00ab\u00a0Section sur la s\u00e9curit\u00e9\u00a0\u00bb<\/a> dans Google Play, destin\u00e9e \u00e0 aider les end users \u00e0 comprendre comment sont collect\u00e9es ou partag\u00e9es les donn\u00e9es d&rsquo;une application et comment cette derni\u00e8re les s\u00e9curise. La \u00ab\u00a0Section sur la S\u00e9curit\u00e9\u00a0\u00bb demande aux d\u00e9veloppeurs d&rsquo;applications de fournir des d\u00e9tails sur les donn\u00e9es qu&rsquo;ils collectent, notamment comment celles-ci sont trait\u00e9es et partag\u00e9es. Cela inclut l&rsquo;utilisation de tout SDK tiers.<br><br><br><\/p><\/div><\/article><\/div><\/div><\/section>\n\n\n\n<section class=\"wp-block-appsflyer-block-text-image-columns text-image-columns text-image-columns--reverse py-40 py-lg-0\"><div class=\"container\"><div class=\"row align-items-sm-center justify-content-sm-between\"><figure class=\"col-md-6 px-sm-80 px-md-0  text-image-columns__image\"><img decoding=\"async\" loading=\"lazy\" title=\"sandbox_page_03\" alt=\"\" width=\"1923\" height=\"1840\" class=\"text-image-columns__layer\" src=\"https:\/\/hubs.appsflyer.com\/wp-content\/uploads\/2022\/06\/sandbox_page_03.png\"\/><\/figure><article class=\"col-md-5 pt-20 order-md-1 text-center text-md-left\"><header class=\"text-image-columns__header\"><h2 class=\"h3\">Param\u00e8tres de permission de l&rsquo;ID publicitaire<\/h2><\/header><div class=\"text-image-columns__text pt-20\"><p>Fin 2021, Google a annonc\u00e9 que les applications ciblant Android 12 seraient tenues de d\u00e9clarer une nouvelle permission dans leur \u00ab\u00a0AndroidManifest\u00a0\u00bb, afin d&rsquo;acc\u00e9der \u00e0 l&rsquo;ID publicitaire Android de l&rsquo;appareil. Quelques temps plus tard, Google a \u00e9tendu cette mise \u00e0 jour aux applications ciblant Android 13. Pour les applications qui ne pr\u00e9cisent pas cette permission, l&rsquo;ID publicitaire des utilisateurs s&rsquo;affichera sous la forme d&rsquo;une suite de z\u00e9ros.<\/p><\/div><\/article><\/div><\/div><\/section>\n<\/div>\n<\/div>\n<\/div><\/div>\n\n\n<section class=\"cta-banner cta-banner--type-1 text-light pt-70 pt-sm-70 pt-lg-100 d-flex\">\n    <div class=\"container\">\n        <div class=\"row flex-column flex-md-row pb-20 pb-md-0 mx-0 mx-md-auto\">\n            <div class=\"cta-banner__content col-12 col-md-9 col-lg-8 d-flex flex-column justify-content-md-center align-items-md-start order-1 order-md-0 pb-4 pt-md-35 pb-md-35 pt-xl-60 pb-xl-60 pl-20 pl-md-60 pr-md-40 text-center text-md-left\">\n                <header>\n                                            <h2 class=\"text-light\">\n                            Vous ne trouvez pas ce que vous cherchez ?<br>Consultez le Centre d&rsquo;aide.                        <\/h2>\n                                                        <\/header>\n                                    <footer class=\"cta-banner__buttons d-flex flex-column flex-sm-row align-items-center justify-content-center justify-content-md-start pt-20\">\n                                <a href=\"https:\/\/support.appsflyer.com\/fr\/hc\/en-us\" class=\"btn btn-primary btn-primary--white  \" target=\"_blank\" id=\"btn_BZ65EQ\" data-aft=\"book-demo\" data-aft-block=\"cta-banner\">\n\t\t\tCentre d&rsquo;aide        <\/a>\n\t                                            <\/footer>\n                            <\/div>\n                            <figure class=\"cta-banner__image order-0 order-md-1 col-12 col-md-3 col-lg-4\">\n                    <img decoding=\"async\" loading=\"lazy\"  src=\"https:\/\/hubs.appsflyer.com\/wp-content\/uploads\/2022\/05\/footer-cta-banner.svg\" alt=\"\" title=\"footer-cta-banner\" width=\"469\" height=\"380\" \/>                <\/figure>\n                    <\/div>\n    <\/div>\n<\/section>\n\n\n<p><\/p>\n","protected":false},"excerpt":{"rendered":"","protected":false},"author":1,"featured_media":0,"parent":0,"menu_order":0,"comment_status":"closed","ping_status":"closed","template":"","meta":{"_acf_changed":false,"footnotes":""},"acf":[],"yoast_head":"<!-- This site is optimized with the Yoast SEO plugin v22.7 - https:\/\/yoast.com\/wordpress\/plugins\/seo\/ -->\n<title>La Privacy Sandbox - AppsFlyer Hubs<\/title>\n<meta name=\"description\" content=\"AppsFlyer collabore avec Google dans le cadre du d\u00e9ploiement de son initiative pluriannuelle : La Privacy Sandbox. En savoir plus.\" \/>\n<meta name=\"robots\" content=\"index, follow, max-snippet:-1, max-image-preview:large, max-video-preview:-1\" \/>\n<link rel=\"canonical\" href=\"https:\/\/hubs.appsflyer.com\/fr\/google-sandbox-hub\/\" \/>\n<meta property=\"og:locale\" content=\"fr_FR\" \/>\n<meta property=\"og:type\" content=\"article\" \/>\n<meta property=\"og:title\" content=\"La Privacy Sandbox - AppsFlyer Hubs\" \/>\n<meta property=\"og:description\" content=\"AppsFlyer collabore avec Google dans le cadre du d\u00e9ploiement de son initiative pluriannuelle : La Privacy Sandbox. En savoir plus.\" \/>\n<meta property=\"og:url\" content=\"https:\/\/hubs.appsflyer.com\/fr\/google-sandbox-hub\/\" \/>\n<meta property=\"og:site_name\" content=\"AppsFlyer Hubs\" \/>\n<meta property=\"article:modified_time\" content=\"2022-06-07T14:44:38+00:00\" \/>\n<meta property=\"og:image\" content=\"https:\/\/hubs.appsflyer.com\/wp-content\/uploads\/2022\/06\/The-Privacy-Sandbox-fr-og.jpg\" \/>\n\t<meta property=\"og:image:width\" content=\"1200\" \/>\n\t<meta property=\"og:image:height\" content=\"630\" \/>\n\t<meta property=\"og:image:type\" content=\"image\/jpeg\" \/>\n<meta name=\"twitter:card\" content=\"summary_large_image\" \/>\n<meta name=\"twitter:title\" content=\"La Privacy Sandbox - AppsFlyer Hubs\" \/>\n<meta name=\"twitter:description\" content=\"AppsFlyer collabore avec Google dans le cadre du d\u00e9ploiement de son initiative pluriannuelle : La Privacy Sandbox. En savoir plus.\" \/>\n<meta name=\"twitter:image\" content=\"https:\/\/hubs.appsflyer.com\/wp-content\/uploads\/2022\/06\/The-Privacy-Sandbox-fr-og.jpg\" \/>\n<meta name=\"twitter:label1\" content=\"Dur\u00e9e de lecture estim\u00e9e\" \/>\n\t<meta name=\"twitter:data1\" content=\"3 minutes\" \/>\n<script type=\"application\/ld+json\" class=\"yoast-schema-graph\">{\"@context\":\"https:\/\/schema.org\",\"@graph\":[{\"@type\":\"WebPage\",\"@id\":\"https:\/\/hubs.appsflyer.com\/fr\/google-sandbox-hub\/\",\"url\":\"https:\/\/hubs.appsflyer.com\/fr\/google-sandbox-hub\/\",\"name\":\"La Privacy Sandbox - AppsFlyer Hubs\",\"isPartOf\":{\"@id\":\"https:\/\/hubs.appsflyer.com\/fr\/#website\"},\"primaryImageOfPage\":{\"@id\":\"https:\/\/hubs.appsflyer.com\/fr\/google-sandbox-hub\/#primaryimage\"},\"image\":{\"@id\":\"https:\/\/hubs.appsflyer.com\/fr\/google-sandbox-hub\/#primaryimage\"},\"thumbnailUrl\":\"https:\/\/hubs.appsflyer.com\/wp-content\/uploads\/2022\/05\/img-hero-1.svg\",\"datePublished\":\"2022-05-03T09:37:12+00:00\",\"dateModified\":\"2022-06-07T14:44:38+00:00\",\"description\":\"AppsFlyer collabore avec Google dans le cadre du d\u00e9ploiement de son initiative pluriannuelle : La Privacy Sandbox. En savoir plus.\",\"breadcrumb\":{\"@id\":\"https:\/\/hubs.appsflyer.com\/fr\/google-sandbox-hub\/#breadcrumb\"},\"inLanguage\":\"fr-FR\",\"potentialAction\":[{\"@type\":\"ReadAction\",\"target\":[\"https:\/\/hubs.appsflyer.com\/fr\/google-sandbox-hub\/\"]}]},{\"@type\":\"ImageObject\",\"inLanguage\":\"fr-FR\",\"@id\":\"https:\/\/hubs.appsflyer.com\/fr\/google-sandbox-hub\/#primaryimage\",\"url\":\"https:\/\/hubs.appsflyer.com\/wp-content\/uploads\/2022\/05\/img-hero-1.svg\",\"contentUrl\":\"https:\/\/hubs.appsflyer.com\/wp-content\/uploads\/2022\/05\/img-hero-1.svg\"},{\"@type\":\"BreadcrumbList\",\"@id\":\"https:\/\/hubs.appsflyer.com\/fr\/google-sandbox-hub\/#breadcrumb\",\"itemListElement\":[{\"@type\":\"ListItem\",\"position\":1,\"name\":\"Home\",\"item\":\"https:\/\/hubs.appsflyer.com\/fr\/\"},{\"@type\":\"ListItem\",\"position\":2,\"name\":\"La Privacy Sandbox\"}]},{\"@type\":\"WebSite\",\"@id\":\"https:\/\/hubs.appsflyer.com\/fr\/#website\",\"url\":\"https:\/\/hubs.appsflyer.com\/fr\/\",\"name\":\"AppsFlyer Hubs\",\"description\":\"\",\"potentialAction\":[{\"@type\":\"SearchAction\",\"target\":{\"@type\":\"EntryPoint\",\"urlTemplate\":\"https:\/\/hubs.appsflyer.com\/fr\/?s={search_term_string}\"},\"query-input\":\"required name=search_term_string\"}],\"inLanguage\":\"fr-FR\"}]}<\/script>\n<!-- \/ Yoast SEO plugin. -->","yoast_head_json":{"title":"La Privacy Sandbox - AppsFlyer Hubs","description":"AppsFlyer collabore avec Google dans le cadre du d\u00e9ploiement de son initiative pluriannuelle : La Privacy Sandbox. En savoir plus.","robots":{"index":"index","follow":"follow","max-snippet":"max-snippet:-1","max-image-preview":"max-image-preview:large","max-video-preview":"max-video-preview:-1"},"canonical":"https:\/\/hubs.appsflyer.com\/fr\/google-sandbox-hub\/","og_locale":"fr_FR","og_type":"article","og_title":"La Privacy Sandbox - AppsFlyer Hubs","og_description":"AppsFlyer collabore avec Google dans le cadre du d\u00e9ploiement de son initiative pluriannuelle : La Privacy Sandbox. En savoir plus.","og_url":"https:\/\/hubs.appsflyer.com\/fr\/google-sandbox-hub\/","og_site_name":"AppsFlyer Hubs","article_modified_time":"2022-06-07T14:44:38+00:00","og_image":[{"width":1200,"height":630,"url":"https:\/\/hubs.appsflyer.com\/wp-content\/uploads\/2022\/06\/The-Privacy-Sandbox-fr-og.jpg","type":"image\/jpeg"}],"twitter_card":"summary_large_image","twitter_title":"La Privacy Sandbox - AppsFlyer Hubs","twitter_description":"AppsFlyer collabore avec Google dans le cadre du d\u00e9ploiement de son initiative pluriannuelle : La Privacy Sandbox. En savoir plus.","twitter_image":"https:\/\/hubs.appsflyer.com\/wp-content\/uploads\/2022\/06\/The-Privacy-Sandbox-fr-og.jpg","twitter_misc":{"Dur\u00e9e de lecture estim\u00e9e":"3 minutes"},"schema":{"@context":"https:\/\/schema.org","@graph":[{"@type":"WebPage","@id":"https:\/\/hubs.appsflyer.com\/fr\/google-sandbox-hub\/","url":"https:\/\/hubs.appsflyer.com\/fr\/google-sandbox-hub\/","name":"La Privacy Sandbox - AppsFlyer Hubs","isPartOf":{"@id":"https:\/\/hubs.appsflyer.com\/fr\/#website"},"primaryImageOfPage":{"@id":"https:\/\/hubs.appsflyer.com\/fr\/google-sandbox-hub\/#primaryimage"},"image":{"@id":"https:\/\/hubs.appsflyer.com\/fr\/google-sandbox-hub\/#primaryimage"},"thumbnailUrl":"https:\/\/hubs.appsflyer.com\/wp-content\/uploads\/2022\/05\/img-hero-1.svg","datePublished":"2022-05-03T09:37:12+00:00","dateModified":"2022-06-07T14:44:38+00:00","description":"AppsFlyer collabore avec Google dans le cadre du d\u00e9ploiement de son initiative pluriannuelle : La Privacy Sandbox. En savoir plus.","breadcrumb":{"@id":"https:\/\/hubs.appsflyer.com\/fr\/google-sandbox-hub\/#breadcrumb"},"inLanguage":"fr-FR","potentialAction":[{"@type":"ReadAction","target":["https:\/\/hubs.appsflyer.com\/fr\/google-sandbox-hub\/"]}]},{"@type":"ImageObject","inLanguage":"fr-FR","@id":"https:\/\/hubs.appsflyer.com\/fr\/google-sandbox-hub\/#primaryimage","url":"https:\/\/hubs.appsflyer.com\/wp-content\/uploads\/2022\/05\/img-hero-1.svg","contentUrl":"https:\/\/hubs.appsflyer.com\/wp-content\/uploads\/2022\/05\/img-hero-1.svg"},{"@type":"BreadcrumbList","@id":"https:\/\/hubs.appsflyer.com\/fr\/google-sandbox-hub\/#breadcrumb","itemListElement":[{"@type":"ListItem","position":1,"name":"Home","item":"https:\/\/hubs.appsflyer.com\/fr\/"},{"@type":"ListItem","position":2,"name":"La Privacy Sandbox"}]},{"@type":"WebSite","@id":"https:\/\/hubs.appsflyer.com\/fr\/#website","url":"https:\/\/hubs.appsflyer.com\/fr\/","name":"AppsFlyer Hubs","description":"","potentialAction":[{"@type":"SearchAction","target":{"@type":"EntryPoint","urlTemplate":"https:\/\/hubs.appsflyer.com\/fr\/?s={search_term_string}"},"query-input":"required name=search_term_string"}],"inLanguage":"fr-FR"}]}},"_links":{"self":[{"href":"https:\/\/hubs.appsflyer.com\/fr\/wp-json\/wp\/v2\/pages\/186"}],"collection":[{"href":"https:\/\/hubs.appsflyer.com\/fr\/wp-json\/wp\/v2\/pages"}],"about":[{"href":"https:\/\/hubs.appsflyer.com\/fr\/wp-json\/wp\/v2\/types\/page"}],"author":[{"embeddable":true,"href":"https:\/\/hubs.appsflyer.com\/fr\/wp-json\/wp\/v2\/users\/1"}],"replies":[{"embeddable":true,"href":"https:\/\/hubs.appsflyer.com\/fr\/wp-json\/wp\/v2\/comments?post=186"}],"version-history":[{"count":11,"href":"https:\/\/hubs.appsflyer.com\/fr\/wp-json\/wp\/v2\/pages\/186\/revisions"}],"predecessor-version":[{"id":822,"href":"https:\/\/hubs.appsflyer.com\/fr\/wp-json\/wp\/v2\/pages\/186\/revisions\/822"}],"wp:attachment":[{"href":"https:\/\/hubs.appsflyer.com\/fr\/wp-json\/wp\/v2\/media?parent=186"}],"curies":[{"name":"wp","href":"https:\/\/api.w.org\/{rel}","templated":true}]}}