{"id":196,"date":"2022-05-03T09:37:12","date_gmt":"2022-05-03T09:37:12","guid":{"rendered":"https:\/\/hubs.appsflyer.com\/?page_id=196"},"modified":"2022-06-07T13:46:07","modified_gmt":"2022-06-07T13:46:07","slug":"the-privacy-sandbox","status":"publish","type":"page","link":"https:\/\/hubs.appsflyer.com\/es\/the-privacy-sandbox\/","title":{"rendered":"The Privacy Sandbox"},"content":{"rendered":"<nav id=\"main-nav\"\n     class=\"navbar--main py-3 py-md-3\n      navbar navbar-expand-md navbar-light sps sps--abv\">\n    <div class=\"container-fluid px-0\">\n        <a class=\"navbar-brand\" href=\"https:\/www.appsflyer.com\/\" target=\"_blank\"><\/a>\n        <div id=\"nav-holder\" class=\"nav-holder flex-column flex-md-row pt-70 pt-md-0 px-md-0 navbar-collapse\">\n                        <div class=\"secondary-nav mb-60 mb-md-0 my-md-0 d-flex flex-column flex-md-row align-items-md-center\">\n                        <ul class=\"navbar-nav lang-switcher list-style-none\">\n            <li class=\"has-children mega-parent\">\n                <span class=\"nav-link\">\n                    <i class=\"icon-globe\"><\/i>\n                    Spanish                <\/span>\n                <ul class=\"sub-menu list-style-none\">\n\t\t\t\t\t                            <li class=\"px-30\">\n                                <a href=\"https:\/\/hubs.appsflyer.com\/\">English<\/a>\n                            <\/li>\n\t\t\t\t\t\t\t\t\t\t\t                            <li class=\"px-30\">\n                                <a href=\"https:\/\/hubs.appsflyer.com\/fr\/\">Fran\u00e7ais<\/a>\n                            <\/li>\n\t\t\t\t\t\t\t\t\t\t\t                            <li class=\"px-30\">\n                                <a href=\"https:\/\/hubs.appsflyer.com\/de\/\">Deutsch<\/a>\n                            <\/li>\n\t\t\t\t\t\t\t\t\t\t\t                            <li class=\"px-30\">\n                                <a href=\"https:\/\/hubs.appsflyer.com\/ja\/\">\u65e5\u672c\u8a9e<\/a>\n                            <\/li>\n\t\t\t\t\t\t\t\t\t\t\t                            <li class=\"px-30\">\n                                <a href=\"https:\/\/hubs.appsflyer.com\/ru\/\">\u0420\u0443\u0441\u0441\u043a\u0438\u0439<\/a>\n                            <\/li>\n\t\t\t\t\t\t\t\t\t\t\t\t\t\t\t\t                            <li class=\"px-30\">\n                                <a href=\"https:\/\/hubs.appsflyer.com\/pt\/\">Portuguese<\/a>\n                            <\/li>\n\t\t\t\t\t\t\t\t\t\t\t                            <li class=\"px-30\">\n                                <a href=\"https:\/\/hubs.appsflyer.com\/cn\/\">\u7b80\u4f53\u4e2d\u6587<\/a>\n                            <\/li>\n\t\t\t\t\t\t\t\t\t\t\t                <\/ul>\n            <\/li>\n        <\/ul>\n\t                                    <ul class=\"navbar-nav d-sm-flex flex-sm-row justifycusfun-content-sm-between align-items-sm-center list-style-none px-20 px-md-0 mb-0 mr-md-auto\"\n                        itemscope itemtype=\"https:\/\/schema.org\/SiteNavigationElement\" role=\"menu\">\n                                                    <li class=\"secondary-nav__cta mr-sm-3 mr-md-auto my-20 py my-sm-0 d-none d-sm-flex flex-column flex-md-row\"\n                                itemprop=\"name\" role=\"menuitem\">\n                                <a itemprop=\"url\" class=\"nav-link d-flex nav-link--login justify-content-center\"\n                                   href=\"https:\/\/hq1.appsflyer.com\/auth\/login\"\n                                   data-aft=\"login\"\n                                   data-aft-block=\"main-nav\"\n                                   target=\"_blank\">\n                                    <i class=\"icon-login\"><\/i>\n                                    Login\n                                <\/a>\n                            <\/li>\n                                                                            <li class=\"secondary-nav__cta mr-sm-3 mr-md-auto my-20 py my-sm-0 d-none d-sm-flex flex-column flex-md-row\"\n                                itemprop=\"name\" role=\"menuitem\">\n                                <a itemprop=\"url\" class=\"btn btn-primary btn-primary--no-line btn-sm\"\n                                   href=\"https:\/\/www.appsflyer.com\/start\/demo\/\"\n                                   data-aft=\"book-demo\"\n                                   data-aft-block=\"main-nav\"\n                                   target=\"_blank\">\n                                    Book a demo\n                                <\/a>\n                            <\/li>\n                                            <\/ul>\n                            <\/div>\n        <\/div>\n        <button id=\"navbar-toggler\" class=\"navbar-toggler hamburger\" type=\"button\" data-toggle=\"on\"\n                data-target=\"nav-holder main-nav\"\n                aria-controls=\"main-nav\" aria-expanded=\"false\" aria-label=\"Toggle navigation\">\n            <span><\/span>\n            <span><\/span>\n            <span><\/span>\n        <\/button>\n    <\/div>\n<\/nav>\n\n\n<section class=\"wp-block-appsflyer-block-product-hero-banner solution-product-hero-banner solution-product-hero-banner--product section-bg section-bg--product-hero section-bg--green text-light pt-100 pt-md-140 pt-lg-180 pb-90 pb-sm-100 pb-md-180 mb-md-50\"><div class=\"container\"><div class=\"row align-items-md-start justify-content-md-between\"><figure class=\"col-md-6 pl-lg-30 order-2\"><img fetchpriority=\"high\" decoding=\"async\" class=\"bgImage\" src=\"https:\/\/hubs.appsflyer.com\/wp-content\/uploads\/2022\/05\/img-hero-1.svg\" alt=\"\" width=\"818\" loading=\"eager\" height=\"614\" title=\"img-hero-1\"\/><\/figure><header class=\"col-md-6 col-xl-5 pr-md-0 pt-4 pt-sm-40 pt-md-0 pb-50 pb-md-2 order-1 text-center text-md-left\"><span class=\"d-block mb-25 mb-md-4 text-uppercase text-light\">AppsFlyer PARA Android<\/span><h1 class=\"mb-20 mb-sm-0 text-light\">Privacy Sandbox<\/h1><p class=\"has-mlarge-font-size text-light\">Como empresa comprometida con una experiencia digital mejor y m\u00e1s segura, acogemos con satisfacci\u00f3n las iniciativas de todo el ecosistema que aumentan la privacidad de los clientes. Colaboraremos estrechamente con Google en el despliegue de su iniciativa plurianual, la Privacy Sandbox, para garantizar que nuestros clientes sigan obteniendo las mediciones de marketing completas y los insights que necesitan para tomar buenas decisiones para su negocio.<\/p><div class=\"hero-banner__buttons d-flex flex-column flex-sm-row align-items-center justify-content-center justify-content-md-start pt-20 text-light\"><\/div><\/header><\/div><\/div>\n<p><\/p>\n<\/section>\n\n\n\n<section class=\"wp-block-appsflyer-block-section section-block section-block--width-default\"><div class=\"container\"><div class=\"row flex-column\">\n<h2 class=\"has-text-align-center wp-block-heading\">El cambio gradual del ecosistema hacia la privacidad<\/h2>\n\n\n\n<p class=\"has-text-align-center has-medium-font-size\">A medida que el ecosistema cambia para orientarse m\u00e1s hacia la privacidad, podemos ver una tendencia que ofrece mayores soluciones para preservar la privacidad. El <a href=\"https:\/\/privacysandbox.com\/intl\/en_us\/\" target=\"_blank\" rel=\"noreferrer noopener\">Privacy Sandbox de Google<\/a> es un despliegue gradual de dos a\u00f1os. Esto permite que la industria se una para apoyar e innovar con soluciones creativas.<\/p>\n\n\n\n<div style=\"height:40px\" aria-hidden=\"true\" class=\"wp-block-spacer\"><\/div>\n\n\n\n<figure class=\"wp-block-image size-large hide-mobile\"><img loading=\"lazy\" decoding=\"async\" width=\"1024\" height=\"342\" src=\"https:\/\/hubs.appsflyer.com\/wp-content\/uploads\/2022\/06\/Google-sandbox-hub-graph-SP-1024x342.png\" alt=\"\" class=\"wp-image-637\" srcset=\"https:\/\/hubs.appsflyer.com\/wp-content\/uploads\/2022\/06\/Google-sandbox-hub-graph-SP-1024x342.png 1024w, https:\/\/hubs.appsflyer.com\/wp-content\/uploads\/2022\/06\/Google-sandbox-hub-graph-SP-300x100.png 300w, https:\/\/hubs.appsflyer.com\/wp-content\/uploads\/2022\/06\/Google-sandbox-hub-graph-SP-768x256.png 768w, https:\/\/hubs.appsflyer.com\/wp-content\/uploads\/2022\/06\/Google-sandbox-hub-graph-SP-1536x513.png 1536w, https:\/\/hubs.appsflyer.com\/wp-content\/uploads\/2022\/06\/Google-sandbox-hub-graph-SP.png 1801w\" sizes=\"(max-width: 1024px) 100vw, 1024px\" \/><\/figure>\n\n\n\n<div class=\"wp-block-image show-mobile-only\"><figure class=\"aligncenter size-large\"><img loading=\"lazy\" decoding=\"async\" width=\"297\" height=\"1024\" src=\"https:\/\/hubs.appsflyer.com\/wp-content\/uploads\/2022\/06\/Google-sandbox-hub-graph-mobile-SP-297x1024.png\" alt=\"\" class=\"wp-image-646\" srcset=\"https:\/\/hubs.appsflyer.com\/wp-content\/uploads\/2022\/06\/Google-sandbox-hub-graph-mobile-SP-297x1024.png 297w, https:\/\/hubs.appsflyer.com\/wp-content\/uploads\/2022\/06\/Google-sandbox-hub-graph-mobile-SP-87x300.png 87w, https:\/\/hubs.appsflyer.com\/wp-content\/uploads\/2022\/06\/Google-sandbox-hub-graph-mobile-SP.png 386w\" sizes=\"(max-width: 297px) 100vw, 297px\" \/><\/figure><\/div>\n<\/div><\/div><\/section>\n\n\n\n<div style=\"height:100px\" aria-hidden=\"true\" class=\"wp-block-spacer\"><\/div>\n\n\n\n<div style=\"height:80px\" aria-hidden=\"true\" class=\"wp-block-spacer\"><\/div>\n\n\n\n<div class=\"wp-block-group\"><div class=\"wp-block-group__inner-container is-layout-flow wp-block-group-is-layout-flow\">\n<div class=\"wp-block-columns alignwide is-layout-flex wp-container-core-columns-is-layout-1 wp-block-columns-is-layout-flex\">\n<div class=\"wp-block-column is-layout-flow wp-block-column-is-layout-flow\" style=\"flex-basis:100%\">\n<section class=\"wp-block-appsflyer-block-text-image-columns text-image-columns text-image-columns--reverse py-40 py-lg-0\"><div class=\"container\"><div class=\"row align-items-sm-center justify-content-sm-between\"><figure class=\"col-md-6 px-sm-80 px-md-0  text-image-columns__image\"><img decoding=\"async\" loading=\"lazy\" title=\"img-usp-1\" alt=\"\" width=\"960\" height=\"892\" class=\"text-image-columns__layer\" src=\"https:\/\/hubs.appsflyer.com\/wp-content\/uploads\/2022\/05\/img-usp-1.svg\"\/><\/figure><article class=\"col-md-5 pt-20 order-md-1 text-center text-md-left\"><header class=\"text-image-columns__header\"><h2 class=\"h3\">La eliminaci\u00f3n del GAID en 2024<\/h2><\/header><div class=\"text-image-columns__text pt-20\"><p>Google comparti\u00f3 en febrero de 2022, que Android, el sistema operativo global m\u00e1s extendido en el mundo, va a dejar de utilizar su identificador de usuario para los anunciantes, <a href=\"https:\/\/www.appsflyer.com\/es\/glossary\/gaid\/\">GAID (Google Advertising ID)<\/a> para 2024. Esto dar\u00e1 al usuario un grado de privacidad mientras mantiene una alta funcionalidad dentro del ecosistema publicitario.<\/p><\/div><\/article><\/div><\/div><\/section>\n\n\n\n<section class=\"wp-block-appsflyer-block-text-image-columns text-image-columns  py-40 py-lg-0\"><div class=\"container\"><div class=\"row align-items-sm-center justify-content-sm-between\"><figure class=\"col-md-6 px-sm-80 px-md-0 order-md-2 text-image-columns__image\"><img decoding=\"async\" loading=\"lazy\" title=\"sandbox_page_02-SP\" alt=\"P\u00e1gina sandbox\" width=\"1441\" height=\"1339\" class=\"text-image-columns__layer\" src=\"https:\/\/hubs.appsflyer.com\/wp-content\/uploads\/2022\/06\/sandbox_page_02-SP.png\"\/><\/figure><article class=\"col-md-5 pt-20 pt-sm-20 order-md-1 text-center text-md-left\"><header class=\"text-image-columns__header\"><h2 class=\"h3\">Secci\u00f3n de seguridad en Google Play<\/h2><\/header><div class=\"text-image-columns__text pt-20\"><p>A finales de 2021, Google lanz\u00f3 su nueva <a href=\"https:\/\/support.google.com\/googleplay\/android-developer\/answer\/10787469?hl=en#zippy=%2Cdata-sharing%2Cdata-collection\" target=\"_blank\" rel=\"noreferrer noopener\">\u00abSecci\u00f3n de Seguridad\u00bb<\/a> en Google Play, que ayuda a los usuarios finales a entender los datos que una aplicaci\u00f3n recoge o comparte, y c\u00f3mo la aplicaci\u00f3n asegura sus datos. La Secci\u00f3n de Seguridad requiere que los desarrolladores de aplicaciones proporcionen detalles sobre los datos que recogen, c\u00f3mo se manejan y se comparten. Esto incluye el uso de cualquier SDK de terceros.<\/p><\/div><\/article><\/div><\/div><\/section>\n\n\n\n<section class=\"wp-block-appsflyer-block-text-image-columns text-image-columns text-image-columns--reverse py-40 py-lg-0\"><div class=\"container\"><div class=\"row align-items-sm-center justify-content-sm-between\"><figure class=\"col-md-6 px-sm-80 px-md-0  text-image-columns__image\"><img decoding=\"async\" loading=\"lazy\" title=\"sandbox_page_03-SP\" alt=\"P\u00e1gina de sandbox\" width=\"1443\" height=\"1381\" class=\"text-image-columns__layer\" src=\"https:\/\/hubs.appsflyer.com\/wp-content\/uploads\/2022\/06\/sandbox_page_03-SP.png\"\/><\/figure><article class=\"col-md-5 pt-20 order-md-1 text-center text-md-left\"><header class=\"text-image-columns__header\"><h2 class=\"h3\">Configuraci\u00f3n de los permisos del ID de publicidad de Android<\/h2><\/header><div class=\"text-image-columns__text pt-20\"><p>A finales de 2021, Google anunci\u00f3 que las aplicaciones destinadas a Android 12 tendr\u00edan que declarar un nuevo permiso en su <em>&lt;AndroidManifest&gt;<\/em> para poder acceder al ID de publicidad de Android del dispositivo. M\u00e1s tarde, Google actualiz\u00f3 que esto ser\u00eda un requisito para las aplicaciones dirigidas a Android 13 tambi\u00e9n. Para las aplicaciones que <span style=\"text-decoration: underline;\">no<\/span> a\u00f1adan este permiso, el ID de publicidad del usuario se mostrar\u00e1 como una cadena de ceros.<\/p><\/div><\/article><\/div><\/div><\/section>\n<\/div>\n<\/div>\n<\/div><\/div>\n\n\n<section class=\"cta-banner cta-banner--type-1 text-light pt-70 pt-sm-70 pt-lg-100 d-flex\">\n    <div class=\"container\">\n        <div class=\"row flex-column flex-md-row pb-20 pb-md-0 mx-0 mx-md-auto\">\n            <div class=\"cta-banner__content col-12 col-md-9 col-lg-8 d-flex flex-column justify-content-md-center align-items-md-start order-1 order-md-0 pb-4 pt-md-35 pb-md-35 pt-xl-60 pb-xl-60 pl-20 pl-md-60 pr-md-40 text-center text-md-left\">\n                <header>\n                                            <h2 class=\"text-light\">\n                            \u00bfNo encuentras lo que buscas? Dir\u00edgete al Centro de Ayuda.                        <\/h2>\n                                                        <\/header>\n                                    <footer class=\"cta-banner__buttons d-flex flex-column flex-sm-row align-items-center justify-content-center justify-content-md-start pt-20\">\n                                <a href=\"https:\/\/support.appsflyer.com\/hc\/es\" class=\"btn btn-primary btn-primary--white  \" target=\"_blank\" id=\"btn_BZ65EQ\" data-aft=\"book-demo\" data-aft-block=\"cta-banner\">\n\t\t\tCentro de ayuda        <\/a>\n\t                                            <\/footer>\n                            <\/div>\n                            <figure class=\"cta-banner__image order-0 order-md-1 col-12 col-md-3 col-lg-4\">\n                    <img decoding=\"async\" loading=\"lazy\"  src=\"https:\/\/hubs.appsflyer.com\/wp-content\/uploads\/2022\/05\/footer-cta-banner.svg\" alt=\"\" title=\"footer-cta-banner\" width=\"469\" height=\"380\" \/>                <\/figure>\n                    <\/div>\n    <\/div>\n<\/section>","protected":false},"excerpt":{"rendered":"","protected":false},"author":6,"featured_media":0,"parent":0,"menu_order":0,"comment_status":"closed","ping_status":"closed","template":"","meta":{"_acf_changed":false,"footnotes":""},"acf":[],"yoast_head":"<!-- This site is optimized with the Yoast SEO plugin v22.7 - https:\/\/yoast.com\/wordpress\/plugins\/seo\/ -->\n<title>Privacy Sandbox | AppsFlyer Hubs<\/title>\n<meta name=\"description\" content=\"AppsFlyer colaborar\u00e1 estrechamente con Google a medida que implementen su iniciativa de varios a\u00f1os, el Privacy Sandbox. Descubre m\u00e1s aqu\u00ed.\" \/>\n<meta name=\"robots\" content=\"index, follow, max-snippet:-1, max-image-preview:large, max-video-preview:-1\" \/>\n<link rel=\"canonical\" href=\"https:\/\/hubs.appsflyer.com\/es\/the-privacy-sandbox\/\" \/>\n<meta property=\"og:locale\" content=\"es_ES\" \/>\n<meta property=\"og:type\" content=\"article\" \/>\n<meta property=\"og:title\" content=\"Privacy Sandbox | AppsFlyer Hubs\" \/>\n<meta property=\"og:description\" content=\"AppsFlyer colaborar\u00e1 estrechamente con Google a medida que implementen su iniciativa de varios a\u00f1os, el Privacy Sandbox. Descubre m\u00e1s aqu\u00ed.\" \/>\n<meta property=\"og:url\" content=\"https:\/\/hubs.appsflyer.com\/es\/the-privacy-sandbox\/\" \/>\n<meta property=\"og:site_name\" content=\"AppsFlyer Hubs\" \/>\n<meta property=\"article:modified_time\" content=\"2022-06-07T13:46:07+00:00\" \/>\n<meta property=\"og:image\" content=\"https:\/\/hubs.appsflyer.com\/wp-content\/uploads\/2022\/06\/The-Privacy-Sandbox-og-SP.jpg\" \/>\n\t<meta property=\"og:image:width\" content=\"1200\" \/>\n\t<meta property=\"og:image:height\" content=\"630\" \/>\n\t<meta property=\"og:image:type\" content=\"image\/jpeg\" \/>\n<meta name=\"twitter:card\" content=\"summary_large_image\" \/>\n<meta name=\"twitter:title\" content=\"Privacy Sandbox | AppsFlyer Hubs\" \/>\n<meta name=\"twitter:description\" content=\"AppsFlyer colaborar\u00e1 estrechamente con Google a medida que implementen su iniciativa de varios a\u00f1os, el Privacy Sandbox. Descubre m\u00e1s aqu\u00ed.\" \/>\n<meta name=\"twitter:image\" content=\"https:\/\/hubs.appsflyer.com\/wp-content\/uploads\/2022\/06\/The-Privacy-Sandbox-og-SP.jpg\" \/>\n<meta name=\"twitter:label1\" content=\"Tiempo de lectura\" \/>\n\t<meta name=\"twitter:data1\" content=\"3 minutos\" \/>\n<script type=\"application\/ld+json\" class=\"yoast-schema-graph\">{\"@context\":\"https:\/\/schema.org\",\"@graph\":[{\"@type\":\"WebPage\",\"@id\":\"https:\/\/hubs.appsflyer.com\/es\/the-privacy-sandbox\/\",\"url\":\"https:\/\/hubs.appsflyer.com\/es\/the-privacy-sandbox\/\",\"name\":\"Privacy Sandbox | AppsFlyer Hubs\",\"isPartOf\":{\"@id\":\"https:\/\/hubs.appsflyer.com\/es\/#website\"},\"primaryImageOfPage\":{\"@id\":\"https:\/\/hubs.appsflyer.com\/es\/the-privacy-sandbox\/#primaryimage\"},\"image\":{\"@id\":\"https:\/\/hubs.appsflyer.com\/es\/the-privacy-sandbox\/#primaryimage\"},\"thumbnailUrl\":\"https:\/\/hubs.appsflyer.com\/wp-content\/uploads\/2022\/05\/img-hero-1.svg\",\"datePublished\":\"2022-05-03T09:37:12+00:00\",\"dateModified\":\"2022-06-07T13:46:07+00:00\",\"description\":\"AppsFlyer colaborar\u00e1 estrechamente con Google a medida que implementen su iniciativa de varios a\u00f1os, el Privacy Sandbox. Descubre m\u00e1s aqu\u00ed.\",\"breadcrumb\":{\"@id\":\"https:\/\/hubs.appsflyer.com\/es\/the-privacy-sandbox\/#breadcrumb\"},\"inLanguage\":\"es\",\"potentialAction\":[{\"@type\":\"ReadAction\",\"target\":[\"https:\/\/hubs.appsflyer.com\/es\/the-privacy-sandbox\/\"]}]},{\"@type\":\"ImageObject\",\"inLanguage\":\"es\",\"@id\":\"https:\/\/hubs.appsflyer.com\/es\/the-privacy-sandbox\/#primaryimage\",\"url\":\"https:\/\/hubs.appsflyer.com\/wp-content\/uploads\/2022\/05\/img-hero-1.svg\",\"contentUrl\":\"https:\/\/hubs.appsflyer.com\/wp-content\/uploads\/2022\/05\/img-hero-1.svg\"},{\"@type\":\"BreadcrumbList\",\"@id\":\"https:\/\/hubs.appsflyer.com\/es\/the-privacy-sandbox\/#breadcrumb\",\"itemListElement\":[{\"@type\":\"ListItem\",\"position\":1,\"name\":\"Home\",\"item\":\"https:\/\/hubs.appsflyer.com\/es\/\"},{\"@type\":\"ListItem\",\"position\":2,\"name\":\"The Privacy Sandbox\"}]},{\"@type\":\"WebSite\",\"@id\":\"https:\/\/hubs.appsflyer.com\/es\/#website\",\"url\":\"https:\/\/hubs.appsflyer.com\/es\/\",\"name\":\"AppsFlyer Hubs\",\"description\":\"\",\"potentialAction\":[{\"@type\":\"SearchAction\",\"target\":{\"@type\":\"EntryPoint\",\"urlTemplate\":\"https:\/\/hubs.appsflyer.com\/es\/?s={search_term_string}\"},\"query-input\":\"required name=search_term_string\"}],\"inLanguage\":\"es\"}]}<\/script>\n<!-- \/ Yoast SEO plugin. -->","yoast_head_json":{"title":"Privacy Sandbox | AppsFlyer Hubs","description":"AppsFlyer colaborar\u00e1 estrechamente con Google a medida que implementen su iniciativa de varios a\u00f1os, el Privacy Sandbox. Descubre m\u00e1s aqu\u00ed.","robots":{"index":"index","follow":"follow","max-snippet":"max-snippet:-1","max-image-preview":"max-image-preview:large","max-video-preview":"max-video-preview:-1"},"canonical":"https:\/\/hubs.appsflyer.com\/es\/the-privacy-sandbox\/","og_locale":"es_ES","og_type":"article","og_title":"Privacy Sandbox | AppsFlyer Hubs","og_description":"AppsFlyer colaborar\u00e1 estrechamente con Google a medida que implementen su iniciativa de varios a\u00f1os, el Privacy Sandbox. Descubre m\u00e1s aqu\u00ed.","og_url":"https:\/\/hubs.appsflyer.com\/es\/the-privacy-sandbox\/","og_site_name":"AppsFlyer Hubs","article_modified_time":"2022-06-07T13:46:07+00:00","og_image":[{"width":1200,"height":630,"url":"https:\/\/hubs.appsflyer.com\/wp-content\/uploads\/2022\/06\/The-Privacy-Sandbox-og-SP.jpg","type":"image\/jpeg"}],"twitter_card":"summary_large_image","twitter_title":"Privacy Sandbox | AppsFlyer Hubs","twitter_description":"AppsFlyer colaborar\u00e1 estrechamente con Google a medida que implementen su iniciativa de varios a\u00f1os, el Privacy Sandbox. Descubre m\u00e1s aqu\u00ed.","twitter_image":"https:\/\/hubs.appsflyer.com\/wp-content\/uploads\/2022\/06\/The-Privacy-Sandbox-og-SP.jpg","twitter_misc":{"Tiempo de lectura":"3 minutos"},"schema":{"@context":"https:\/\/schema.org","@graph":[{"@type":"WebPage","@id":"https:\/\/hubs.appsflyer.com\/es\/the-privacy-sandbox\/","url":"https:\/\/hubs.appsflyer.com\/es\/the-privacy-sandbox\/","name":"Privacy Sandbox | AppsFlyer Hubs","isPartOf":{"@id":"https:\/\/hubs.appsflyer.com\/es\/#website"},"primaryImageOfPage":{"@id":"https:\/\/hubs.appsflyer.com\/es\/the-privacy-sandbox\/#primaryimage"},"image":{"@id":"https:\/\/hubs.appsflyer.com\/es\/the-privacy-sandbox\/#primaryimage"},"thumbnailUrl":"https:\/\/hubs.appsflyer.com\/wp-content\/uploads\/2022\/05\/img-hero-1.svg","datePublished":"2022-05-03T09:37:12+00:00","dateModified":"2022-06-07T13:46:07+00:00","description":"AppsFlyer colaborar\u00e1 estrechamente con Google a medida que implementen su iniciativa de varios a\u00f1os, el Privacy Sandbox. Descubre m\u00e1s aqu\u00ed.","breadcrumb":{"@id":"https:\/\/hubs.appsflyer.com\/es\/the-privacy-sandbox\/#breadcrumb"},"inLanguage":"es","potentialAction":[{"@type":"ReadAction","target":["https:\/\/hubs.appsflyer.com\/es\/the-privacy-sandbox\/"]}]},{"@type":"ImageObject","inLanguage":"es","@id":"https:\/\/hubs.appsflyer.com\/es\/the-privacy-sandbox\/#primaryimage","url":"https:\/\/hubs.appsflyer.com\/wp-content\/uploads\/2022\/05\/img-hero-1.svg","contentUrl":"https:\/\/hubs.appsflyer.com\/wp-content\/uploads\/2022\/05\/img-hero-1.svg"},{"@type":"BreadcrumbList","@id":"https:\/\/hubs.appsflyer.com\/es\/the-privacy-sandbox\/#breadcrumb","itemListElement":[{"@type":"ListItem","position":1,"name":"Home","item":"https:\/\/hubs.appsflyer.com\/es\/"},{"@type":"ListItem","position":2,"name":"The Privacy Sandbox"}]},{"@type":"WebSite","@id":"https:\/\/hubs.appsflyer.com\/es\/#website","url":"https:\/\/hubs.appsflyer.com\/es\/","name":"AppsFlyer Hubs","description":"","potentialAction":[{"@type":"SearchAction","target":{"@type":"EntryPoint","urlTemplate":"https:\/\/hubs.appsflyer.com\/es\/?s={search_term_string}"},"query-input":"required name=search_term_string"}],"inLanguage":"es"}]}},"_links":{"self":[{"href":"https:\/\/hubs.appsflyer.com\/es\/wp-json\/wp\/v2\/pages\/196"}],"collection":[{"href":"https:\/\/hubs.appsflyer.com\/es\/wp-json\/wp\/v2\/pages"}],"about":[{"href":"https:\/\/hubs.appsflyer.com\/es\/wp-json\/wp\/v2\/types\/page"}],"author":[{"embeddable":true,"href":"https:\/\/hubs.appsflyer.com\/es\/wp-json\/wp\/v2\/users\/6"}],"replies":[{"embeddable":true,"href":"https:\/\/hubs.appsflyer.com\/es\/wp-json\/wp\/v2\/comments?post=196"}],"version-history":[{"count":5,"href":"https:\/\/hubs.appsflyer.com\/es\/wp-json\/wp\/v2\/pages\/196\/revisions"}],"predecessor-version":[{"id":828,"href":"https:\/\/hubs.appsflyer.com\/es\/wp-json\/wp\/v2\/pages\/196\/revisions\/828"}],"wp:attachment":[{"href":"https:\/\/hubs.appsflyer.com\/es\/wp-json\/wp\/v2\/media?parent=196"}],"curies":[{"name":"wp","href":"https:\/\/api.w.org\/{rel}","templated":true}]}}